{"id":35,"date":"2020-06-06T09:08:58","date_gmt":"2020-06-06T09:08:58","guid":{"rendered":"https:\/\/zakra-charity-v2.sites.qsandbox.com\/?page_id=35"},"modified":"2026-01-28T09:00:27","modified_gmt":"2026-01-28T08:00:27","slug":"budowa-symulatora","status":"publish","type":"page","link":"https:\/\/symulatorniepelnosprawnosci.pl\/index.php\/budowa-symulatora\/","title":{"rendered":"Budowa symulatora"},"content":{"rendered":"\t\t<div data-elementor-type=\"wp-page\" data-elementor-id=\"35\" class=\"elementor elementor-35\">\n\t\t\t\t<div class=\"elementor-element elementor-element-a188ec2 e-flex e-con-boxed e-con e-parent\" data-id=\"a188ec2\" data-element_type=\"container\">\n\t\t\t\t\t<div class=\"e-con-inner\">\n\t\t\t\t<div class=\"elementor-element elementor-element-7549953 elementor-widget elementor-widget-heading\" data-id=\"7549953\" data-element_type=\"widget\" data-widget_type=\"heading.default\">\n\t\t\t\t<div class=\"elementor-widget-container\">\n\t\t\t\t\t<h2 class=\"elementor-heading-title elementor-size-default\">Z czego zbudowany jest symulator SIMDIS?<\/h2>\t\t\t\t<\/div>\n\t\t\t\t<\/div>\n\t\t\t\t<div class=\"elementor-element elementor-element-5f05e62 elementor-widget__width-initial elementor-widget elementor-widget-text-editor\" data-id=\"5f05e62\" data-element_type=\"widget\" data-widget_type=\"text-editor.default\">\n\t\t\t\t<div class=\"elementor-widget-container\">\n\t\t\t\t\t\t\t\t\t<p>Symulator niepe\u0142nosprawno\u015bci sk\u0142ada si\u0119 z niezale\u017cnych element\u00f3w pozwalaj\u0105cych dopasowa\u0107 ograniczenia do za\u0142o\u017conego scenariusza \u0107wicze\u0144. Jest uniwersalny i umo\u017cliwia korzystanie osobom o r\u00f3\u017cnych warunkach fizycznych. Zestaw sk\u0142ada si\u0119 z takich element\u00f3w jak:<br \/>&#8211; blokada ko\u0144czyny g\u00f3rnej 2 szt<br \/>&#8211; blokada ko\u0144czyny dolnej 2 szt<br \/>&#8211; gogle uniemo\u017cliwiaj\u0105ce widzenie 1 szt<br \/>&#8211; laska osoby niewidomej 1 szt<br \/>&#8211; okulary jednooczne 1 szt<br \/>&#8211; okulary widzenia tunelowego 1 szt<br \/>&#8211; gogle zwyrodnienia plamki \u017c\u00f3\u0142tej 1 szt<br \/>&#8211; nauszniki ograniczaj\u0105ce s\u0142uch 1 szt<br \/>&#8211; zatyczki niweluj\u0105ce d\u017awi\u0119k 200 szt<br \/>&#8211; w\u00f3zek inwalidzki 1 szt<br \/>&#8211; kula \u0142okciowa 2 szt<br \/>&#8211; ogranicznik stawu \u0142okciowego 2 szt<br \/>&#8211; ogranicznik stawu kolanowego 2 szt<br \/>&#8211; ogranicznik szyi 1 szt<br \/>&#8211; kamizelka regulacyjna 1 szt<br \/>&#8211; \u015bci\u0105gacz kolanowy 2 szt<br \/>&#8211; \u015bci\u0105gacz \u0142okciowy 2 szt<br \/>&#8211; obci\u0105\u017cniki utrudniaj\u0105ce ruch r\u0105k 4 szt<br \/>&#8211; obci\u0105\u017cniki utrudniaj\u0105ce ruch n\u00f3g 4 szt<br \/>&#8211; r\u0119kawice zmniejszaj\u0105ce precyzje 1 szt<br \/>&#8211; r\u0119kawice zmniejszaj\u0105ce czucie 1 szt<br \/>&#8211; torba transportowa 1 szt<\/p>\t\t\t\t\t\t\t\t<\/div>\n\t\t\t\t<\/div>\n\t\t\t\t<div class=\"elementor-element elementor-element-c26adf2 elementor-widget elementor-widget-html\" data-id=\"c26adf2\" data-element_type=\"widget\" data-widget_type=\"html.default\">\n\t\t\t\t<div class=\"elementor-widget-container\">\n\t\t\t\t\t<style>\n   \n\n.swiper-wrapper {\n\n    gap: 30px;\n   \n}\n<\/style>\t\t\t\t<\/div>\n\t\t\t\t<\/div>\n\t\t\t\t<div class=\"elementor-element elementor-element-e4049bc elementor-arrows-position-inside elementor-pagination-position-outside elementor-widget elementor-widget-image-carousel\" data-id=\"e4049bc\" data-element_type=\"widget\" data-settings=\"{&quot;navigation&quot;:&quot;both&quot;,&quot;autoplay&quot;:&quot;yes&quot;,&quot;pause_on_hover&quot;:&quot;yes&quot;,&quot;pause_on_interaction&quot;:&quot;yes&quot;,&quot;autoplay_speed&quot;:5000,&quot;infinite&quot;:&quot;yes&quot;,&quot;speed&quot;:500}\" data-widget_type=\"image-carousel.default\">\n\t\t\t\t<div class=\"elementor-widget-container\">\n\t\t\t\t\t\t\t<div class=\"elementor-image-carousel-wrapper swiper\" role=\"region\" aria-roledescription=\"carousel\" aria-label=\"Image Carousel\" dir=\"ltr\">\n\t\t\t<div class=\"elementor-image-carousel swiper-wrapper\" aria-live=\"off\">\n\t\t\t\t\t\t\t\t<div class=\"swiper-slide\" role=\"group\" aria-roledescription=\"slide\" aria-label=\"1 z 20\"><figure class=\"swiper-slide-inner\"><img decoding=\"async\" class=\"swiper-slide-image\" src=\"https:\/\/symulatorniepelnosprawnosci.pl\/wp-content\/uploads\/2025\/12\/Symulacja-jazdy-wozkiem.png\" alt=\"Symulacja jazdy wozkiem\" \/><\/figure><\/div><div class=\"swiper-slide\" role=\"group\" aria-roledescription=\"slide\" aria-label=\"2 z 20\"><figure class=\"swiper-slide-inner\"><img decoding=\"async\" class=\"swiper-slide-image\" src=\"https:\/\/symulatorniepelnosprawnosci.pl\/wp-content\/uploads\/2025\/12\/Symulacja-gluchoty-i-slepoty.png\" alt=\"Symulacja gluchoty i slepoty\" \/><\/figure><\/div><div class=\"swiper-slide\" role=\"group\" aria-roledescription=\"slide\" aria-label=\"3 z 20\"><figure class=\"swiper-slide-inner\"><img decoding=\"async\" class=\"swiper-slide-image\" src=\"https:\/\/symulatorniepelnosprawnosci.pl\/wp-content\/uploads\/2025\/12\/Zajecia-z-wykorzystaniem-symulatora-niepelnosprawnosci.png\" alt=\"Zajecia z wykorzystaniem symulatora niepelnosprawnosci\" \/><\/figure><\/div><div class=\"swiper-slide\" role=\"group\" aria-roledescription=\"slide\" aria-label=\"4 z 20\"><figure class=\"swiper-slide-inner\"><img decoding=\"async\" class=\"swiper-slide-image\" src=\"https:\/\/symulatorniepelnosprawnosci.pl\/wp-content\/uploads\/2025\/12\/Symulator-niepelnosprawnosci.png\" alt=\"Symulator niepelnosprawnosci\" \/><\/figure><\/div><div class=\"swiper-slide\" role=\"group\" aria-roledescription=\"slide\" aria-label=\"5 z 20\"><figure class=\"swiper-slide-inner\"><img decoding=\"async\" class=\"swiper-slide-image\" src=\"https:\/\/symulatorniepelnosprawnosci.pl\/wp-content\/uploads\/2025\/12\/Skostnienie-na-symulatorze-niepelnosprawnosci.png\" alt=\"Skostnienie na symulatorze niepelnosprawnosci\" \/><\/figure><\/div><div class=\"swiper-slide\" role=\"group\" aria-roledescription=\"slide\" aria-label=\"6 z 20\"><figure class=\"swiper-slide-inner\"><img decoding=\"async\" class=\"swiper-slide-image\" src=\"https:\/\/symulatorniepelnosprawnosci.pl\/wp-content\/uploads\/2025\/12\/Symulator-niepelnosprawnosci-osoba-niewidoma.png\" alt=\"Symulator niepelnosprawnosci osoba niewidoma\" \/><\/figure><\/div><div class=\"swiper-slide\" role=\"group\" aria-roledescription=\"slide\" aria-label=\"7 z 20\"><figure class=\"swiper-slide-inner\"><img decoding=\"async\" class=\"swiper-slide-image\" src=\"https:\/\/symulatorniepelnosprawnosci.pl\/wp-content\/uploads\/2025\/12\/Simdis-osoba-niepelnosprawna.png\" alt=\"Simdis osoba niepelnosprawna\" \/><\/figure><\/div><div class=\"swiper-slide\" role=\"group\" aria-roledescription=\"slide\" aria-label=\"8 z 20\"><figure class=\"swiper-slide-inner\"><img decoding=\"async\" class=\"swiper-slide-image\" src=\"https:\/\/symulatorniepelnosprawnosci.pl\/wp-content\/uploads\/2025\/12\/Odczucie-niepelnosprawnosci-skostnienie.png\" alt=\"Odczucie niepelnosprawnosci skostnienie\" \/><\/figure><\/div><div class=\"swiper-slide\" role=\"group\" aria-roledescription=\"slide\" aria-label=\"9 z 20\"><figure class=\"swiper-slide-inner\"><img decoding=\"async\" class=\"swiper-slide-image\" src=\"https:\/\/symulatorniepelnosprawnosci.pl\/wp-content\/uploads\/2025\/12\/Symulator-niepelnosprawnosci-na-zajeciach.png\" alt=\"Symulator niepelnosprawnosci na zajeciach\" \/><\/figure><\/div><div class=\"swiper-slide\" role=\"group\" aria-roledescription=\"slide\" aria-label=\"10 z 20\"><figure class=\"swiper-slide-inner\"><img decoding=\"async\" class=\"swiper-slide-image\" src=\"https:\/\/symulatorniepelnosprawnosci.pl\/wp-content\/uploads\/2025\/12\/Symulator-jazdy-wozkiem-inwalidzkim.png\" alt=\"Symulator jazdy wozkiem inwalidzkim\" \/><\/figure><\/div><div class=\"swiper-slide\" role=\"group\" aria-roledescription=\"slide\" aria-label=\"11 z 20\"><figure class=\"swiper-slide-inner\"><img decoding=\"async\" class=\"swiper-slide-image\" src=\"https:\/\/symulatorniepelnosprawnosci.pl\/wp-content\/uploads\/2025\/12\/Obsluga-wozka-osoby-niepelnosprawnosci-w-symulatorze-SIMDIS.png\" alt=\"Obsluga wozka osoby niepelnosprawnosci w symulatorze SIMDIS\" \/><\/figure><\/div><div class=\"swiper-slide\" role=\"group\" aria-roledescription=\"slide\" aria-label=\"12 z 20\"><figure class=\"swiper-slide-inner\"><img decoding=\"async\" class=\"swiper-slide-image\" src=\"https:\/\/symulatorniepelnosprawnosci.pl\/wp-content\/uploads\/2025\/12\/Niepelnosprawnosc-to-nie-samotnosc.png\" alt=\"Niepelnosprawnosc to nie samotnosc\" \/><\/figure><\/div><div class=\"swiper-slide\" role=\"group\" aria-roledescription=\"slide\" aria-label=\"13 z 20\"><figure class=\"swiper-slide-inner\"><img decoding=\"async\" class=\"swiper-slide-image\" src=\"https:\/\/symulatorniepelnosprawnosci.pl\/wp-content\/uploads\/2025\/12\/Symulator-gluchoniemy.png\" alt=\"Symulator g\u0142uchoniemy\" \/><\/figure><\/div><div class=\"swiper-slide\" role=\"group\" aria-roledescription=\"slide\" aria-label=\"14 z 20\"><figure class=\"swiper-slide-inner\"><img decoding=\"async\" class=\"swiper-slide-image\" src=\"https:\/\/symulatorniepelnosprawnosci.pl\/wp-content\/uploads\/2025\/12\/Symulacja-utraty-wzroku.png\" alt=\"Symulacja utraty wzroku\" \/><\/figure><\/div><div class=\"swiper-slide\" role=\"group\" aria-roledescription=\"slide\" aria-label=\"15 z 20\"><figure class=\"swiper-slide-inner\"><img decoding=\"async\" class=\"swiper-slide-image\" src=\"https:\/\/symulatorniepelnosprawnosci.pl\/wp-content\/uploads\/2025\/12\/Cwiczenia-podczas-symulacji-niepelnosprawnosci.png\" alt=\"Cwiczenia podczas symulacji niepelnosprawnosci\" \/><\/figure><\/div><div class=\"swiper-slide\" role=\"group\" aria-roledescription=\"slide\" aria-label=\"16 z 20\"><figure class=\"swiper-slide-inner\"><img decoding=\"async\" class=\"swiper-slide-image\" src=\"https:\/\/symulatorniepelnosprawnosci.pl\/wp-content\/uploads\/2025\/12\/Symulator-osoby-niepelnosprawnej-SIMDIS-zaproszenie.png\" alt=\"Symulator osoby niepelnosprawnej SIMDIS zaproszenie\" \/><\/figure><\/div><div class=\"swiper-slide\" role=\"group\" aria-roledescription=\"slide\" aria-label=\"17 z 20\"><figure class=\"swiper-slide-inner\"><img decoding=\"async\" class=\"swiper-slide-image\" src=\"https:\/\/symulatorniepelnosprawnosci.pl\/wp-content\/uploads\/2025\/12\/Symulacja-utraty-precyzji-rak-i-dloni.png\" alt=\"Symulacja utraty precyzji rak i dloni\" \/><\/figure><\/div><div class=\"swiper-slide\" role=\"group\" aria-roledescription=\"slide\" aria-label=\"18 z 20\"><figure class=\"swiper-slide-inner\"><img decoding=\"async\" class=\"swiper-slide-image\" src=\"https:\/\/symulatorniepelnosprawnosci.pl\/wp-content\/uploads\/2025\/12\/Symulacja-utraty-czucia-dloni-i-rak.png\" alt=\"Symulacja utraty czucia d\u0142oni i r\u0105k\" \/><\/figure><\/div><div class=\"swiper-slide\" role=\"group\" aria-roledescription=\"slide\" aria-label=\"19 z 20\"><figure class=\"swiper-slide-inner\"><img decoding=\"async\" class=\"swiper-slide-image\" src=\"https:\/\/symulatorniepelnosprawnosci.pl\/wp-content\/uploads\/2025\/12\/Niepelnosprawnosc-rak-i-wzroku.jpg\" alt=\"Niepelnosprawnosc rak i wzroku\" \/><\/figure><\/div><div class=\"swiper-slide\" role=\"group\" aria-roledescription=\"slide\" aria-label=\"20 z 20\"><figure class=\"swiper-slide-inner\"><img decoding=\"async\" class=\"swiper-slide-image\" src=\"https:\/\/symulatorniepelnosprawnosci.pl\/wp-content\/uploads\/2025\/12\/na-dworcu.webp\" alt=\"na dworcu\" \/><\/figure><\/div>\t\t\t<\/div>\n\t\t\t\t\t\t\t\t\t\t\t\t<div class=\"elementor-swiper-button elementor-swiper-button-prev\" role=\"button\" tabindex=\"0\">\n\t\t\t\t\t\t<svg aria-hidden=\"true\" class=\"e-font-icon-svg e-eicon-chevron-left\" viewBox=\"0 0 1000 1000\" xmlns=\"http:\/\/www.w3.org\/2000\/svg\"><path d=\"M646 125C629 125 613 133 604 142L308 442C296 454 292 471 292 487 292 504 296 521 308 533L604 854C617 867 629 875 646 875 663 875 679 871 692 858 704 846 713 829 713 812 713 796 708 779 692 767L438 487 692 225C700 217 708 204 708 187 708 171 704 154 692 142 675 129 663 125 646 125Z\"><\/path><\/svg>\t\t\t\t\t<\/div>\n\t\t\t\t\t<div class=\"elementor-swiper-button elementor-swiper-button-next\" role=\"button\" tabindex=\"0\">\n\t\t\t\t\t\t<svg aria-hidden=\"true\" class=\"e-font-icon-svg e-eicon-chevron-right\" viewBox=\"0 0 1000 1000\" xmlns=\"http:\/\/www.w3.org\/2000\/svg\"><path d=\"M696 533C708 521 713 504 713 487 713 471 708 454 696 446L400 146C388 133 375 125 354 125 338 125 325 129 313 142 300 154 292 171 292 187 292 204 296 221 308 233L563 492 304 771C292 783 288 800 288 817 288 833 296 850 308 863 321 871 338 875 354 875 371 875 388 867 400 854L696 533Z\"><\/path><\/svg>\t\t\t\t\t<\/div>\n\t\t\t\t\n\t\t\t\t\t\t\t\t\t<div class=\"swiper-pagination\"><\/div>\n\t\t\t\t\t\t\t\t\t<\/div>\n\t\t\t\t\t\t<\/div>\n\t\t\t\t<\/div>\n\t\t\t\t<div class=\"elementor-element elementor-element-d4a6e85 elementor-widget elementor-widget-heading\" data-id=\"d4a6e85\" data-element_type=\"widget\" data-widget_type=\"heading.default\">\n\t\t\t\t<div class=\"elementor-widget-container\">\n\t\t\t\t\t<h5 class=\"elementor-heading-title elementor-size-default\"><b>Szeroki wachlarz element\u00f3w symulatora umo\u017cliwia zr\u00f3\u017cnicowanie symulacji niepe\u0142nosprawno\u015bci, intensywno\u015bci dzia\u0142ania oraz jego obszar\u00f3w. W zale\u017cno\u015bci od za\u0142o\u017conego celu symulacji mo\u017cliwe jest u\u017cywanie jednego b\u0105d\u017a kilku cz\u0119\u015bci symulatora. Jeden zestaw umo\u017cliwia stworzenie nawet kilku stanowisk symuluj\u0105cych niepe\u0142nosprawno\u015b\u0107 takich jak do\u015bwiadczenie:<\/b><\/h5>\t\t\t\t<\/div>\n\t\t\t\t<\/div>\n\t\t\t\t<div class=\"elementor-element elementor-element-c9ec367 elementor-widget elementor-widget-text-editor\" data-id=\"c9ec367\" data-element_type=\"widget\" data-widget_type=\"text-editor.default\">\n\t\t\t\t<div class=\"elementor-widget-container\">\n\t\t\t\t\t\t\t\t\t<p>&#8211; pogorszenia widzenia<br \/>&#8211; utraty wzroku<br \/>&#8211; ograniczenia s\u0142yszenia d\u017awi\u0119k\u00f3w<br \/>&#8211; utraty s\u0142uchu<br \/>&#8211; ograniczenia ruchu cia\u0142a<br \/>&#8211; ograniczenie ruchu ko\u0144czyny<br \/>&#8211; utrata ruchu r\u0119ki<br \/>&#8211; utrata ruchu nogi<br \/>&#8211; poruszania si\u0119 za pomoc\u0105 w\u00f3zka inwalidzkiego<br \/>&#8211; poruszania si\u0119 za pomoc\u0105 kul \u0142okciowych<br \/>&#8211; ograniczenie czucia d\u0142oni<br \/>&#8211; ograniczenie ruchu ko\u0144czyn<br \/>&#8211; uniemo\u017cliwienie ruchu kolana<br \/>&#8211; uniemo\u017cliwienie ruchu \u0142okcia<br \/>&#8211; ograniczenie precyzji palc\u00f3w u r\u0105k<br \/>&#8211; ograniczenie ruchu szyi<\/p>\t\t\t\t\t\t\t\t<\/div>\n\t\t\t\t<\/div>\n\t\t\t\t\t<\/div>\n\t\t\t\t<\/div>\n\t\t\t\t<\/div>\n\t\t","protected":false},"excerpt":{"rendered":"<p>Z czego zbudowany jest symulator SIMDIS? Symulator niepe\u0142nosprawno\u015bci sk\u0142ada si\u0119 z niezale\u017cnych element\u00f3w pozwalaj\u0105cych dopasowa\u0107 ograniczenia do za\u0142o\u017conego scenariusza \u0107wicze\u0144. Jest uniwersalny i umo\u017cliwia korzystanie osobom o r\u00f3\u017cnych warunkach fizycznych. Zestaw sk\u0142ada si\u0119 z takich element\u00f3w jak:&#8211; blokada ko\u0144czyny g\u00f3rnej 2 szt&#8211; blokada ko\u0144czyny dolnej 2 szt&#8211; gogle uniemo\u017cliwiaj\u0105ce widzenie 1 szt&#8211; laska osoby niewidomej[&hellip;]<\/p>\n","protected":false},"author":1,"featured_media":0,"parent":0,"menu_order":0,"comment_status":"closed","ping_status":"closed","template":"page-templates\/pagebuilder.php","meta":{"zakra_general_container_width":0,"zakra_general_content_width":0,"zakra_general_sidebar_width":0,"zakra_sticky_header":"customizer","zakra_header_main_area":true,"zakra_site_logo_width":0,"zakra_header_top_enabled":"customizer","zakra_header_top_style":"customizer","zakra_primary_menu_item_style":"customizer","zakra_page_header_text_color":"#f8c240","zakra_page_header_layout":"customizer","zakra_page_title_bg":"","zakra_footer_widgets_bg_image":0,"zakra_page_title_bg_repeat":"customizer","zakra_page_title_bg_position":"customizer","zakra_page_title_bg_size":"customizer","zakra_page_title_bg_attachment":"customizer","zakra_breadcrumbs_enabled":"customizer","zakra_breadcrumbs_text_color":"","zakra_breadcrumbs_separator_color":"","zakra_breadcrumbs_link_color":"","zakra_breadcrumbs_link_hover_color":"","zakra_page_title_bg_image":0,"zakra_footer_widgets_enabled":"customizer","zakra_footer_column_layout_1_style":"customizer","zakra_footer_widgets_bg":"","zakra_footer_widgets_bg_repeat":"customizer","zakra_footer_widgets_bg_position":"customizer","zakra_footer_widgets_bg_size":"customizer","zakra_footer_widgets_bg_attachment":"customizer","zakra_footer_bar_enabled":"customizer","zakra_footer_bar_style":"customizer","zakra_sidebar_layout":"stretched","zakra_remove_content_margin":true,"zakra_sidebar":"customizer","zakra_transparent_header":"1","zakra_logo":0,"zakra_main_header_style":"default","zakra_menu_item_color":"","zakra_menu_item_hover_color":"","zakra_menu_item_active_color":"","zakra_menu_active_style":"","zakra_page_header":true,"footnotes":""},"class_list":["post-35","page","type-page","status-publish","hentry"],"_links":{"self":[{"href":"https:\/\/symulatorniepelnosprawnosci.pl\/index.php\/wp-json\/wp\/v2\/pages\/35","targetHints":{"allow":["GET"]}}],"collection":[{"href":"https:\/\/symulatorniepelnosprawnosci.pl\/index.php\/wp-json\/wp\/v2\/pages"}],"about":[{"href":"https:\/\/symulatorniepelnosprawnosci.pl\/index.php\/wp-json\/wp\/v2\/types\/page"}],"author":[{"embeddable":true,"href":"https:\/\/symulatorniepelnosprawnosci.pl\/index.php\/wp-json\/wp\/v2\/users\/1"}],"replies":[{"embeddable":true,"href":"https:\/\/symulatorniepelnosprawnosci.pl\/index.php\/wp-json\/wp\/v2\/comments?post=35"}],"version-history":[{"count":46,"href":"https:\/\/symulatorniepelnosprawnosci.pl\/index.php\/wp-json\/wp\/v2\/pages\/35\/revisions"}],"predecessor-version":[{"id":1055,"href":"https:\/\/symulatorniepelnosprawnosci.pl\/index.php\/wp-json\/wp\/v2\/pages\/35\/revisions\/1055"}],"wp:attachment":[{"href":"https:\/\/symulatorniepelnosprawnosci.pl\/index.php\/wp-json\/wp\/v2\/media?parent=35"}],"curies":[{"name":"wp","href":"https:\/\/api.w.org\/{rel}","templated":true}]}}