{"id":790,"date":"2024-12-12T07:53:36","date_gmt":"2024-12-12T06:53:36","guid":{"rendered":"https:\/\/serwer2432409.home.pl\/autoinstalator\/wordpress23\/?page_id=790"},"modified":"2026-01-28T09:04:02","modified_gmt":"2026-01-28T08:04:02","slug":"zastosowanie-symulatora","status":"publish","type":"page","link":"https:\/\/symulatorniepelnosprawnosci.pl\/index.php\/zastosowanie-symulatora\/","title":{"rendered":"Zastosowanie symulatora"},"content":{"rendered":"\t\t<div data-elementor-type=\"wp-page\" data-elementor-id=\"790\" class=\"elementor elementor-790\">\n\t\t\t\t<div class=\"elementor-element elementor-element-311ee33 e-flex e-con-boxed e-con e-parent\" data-id=\"311ee33\" data-element_type=\"container\">\n\t\t\t\t\t<div class=\"e-con-inner\">\n\t\t<div class=\"elementor-element elementor-element-6b3fd9a e-con-full e-flex e-con e-child\" data-id=\"6b3fd9a\" data-element_type=\"container\">\n\t\t\t\t<div class=\"elementor-element elementor-element-f273ae8 elementor-widget elementor-widget-heading\" data-id=\"f273ae8\" data-element_type=\"widget\" data-widget_type=\"heading.default\">\n\t\t\t\t<div class=\"elementor-widget-container\">\n\t\t\t\t\t<h2 class=\"elementor-heading-title elementor-size-default\">Zastosowanie symulatora<\/h2>\t\t\t\t<\/div>\n\t\t\t\t<\/div>\n\t\t\t\t<div class=\"elementor-element elementor-element-45d7770 elementor-widget elementor-widget-text-editor\" data-id=\"45d7770\" data-element_type=\"widget\" data-widget_type=\"text-editor.default\">\n\t\t\t\t<div class=\"elementor-widget-container\">\n\t\t\t\t\t\t\t\t\tSymulatory niepe\u0142nosprawno\u015bci SIMDIS znajduj\u0105 zastosowanie w wielu dziedzinach \u017cycia, gdzie wspieraj\u0105 pozytywne funkcjonowanie spo\u0142eczne. Idealnie sprawdz\u0105 si\u0119 w szkolnictwie i edukacji, terapii a nawet w projektowaniu przestrzeni publicznej. \u0141atwiej rozumie\u0107 zapotrzebowanie na udogodnienia infrastruktury dla os\u00f3b z dysfunkcjami fizycznymi. Symulatory osoby niepe\u0142nosprawnej s\u0105 niezb\u0119dnym \u015brodkiem dydaktycznym promuj\u0105cym w\u0142a\u015bciwe zrozumienie i akceptacje os\u00f3b niepe\u0142nosprawnych, u\u0142atwiaj\u0105 organizacj\u0119 profesjonalnych szkole\u0144 poprzez wp\u0142ywanie na emocje uczestnik\u00f3w. Nowoczesne narz\u0119dzia zestawu umo\u017cliwiaj\u0105 kszta\u0142towanie w\u0142a\u015bciwych postaw grupy. Innowacyjne elementy pozwalaj\u0105 tworzy\u0107 bardziej wra\u017cliwe i odpowiedzialne spo\u0142ecze\u0144stwo rozumiej\u0105ce potrzeby wszystkich jego cz\u0142onk\u00f3w.\nJe\u015bli masz w\u0105tpliwo\u015bci dotycz\u0105ce wykorzystania symulatora niepe\u0142nosprawno\u015bci w dziedzinie kt\u00f3r\u0105 reprezentujesz, koniecznie skontaktuj si\u0119 z nami. Stworzyli\u015bmy symulator od podstaw dlatego ch\u0119tnie podzielimy si\u0119 wiedz\u0105, do\u015bwiadczeniem i mo\u017cliwo\u015bciami wykorzystania sprz\u0119tu.\t\t\t\t\t\t\t\t<\/div>\n\t\t\t\t<\/div>\n\t\t\t\t<\/div>\n\t\t<div class=\"elementor-element elementor-element-501161b e-con-full e-flex e-con e-child\" data-id=\"501161b\" data-element_type=\"container\">\n\t\t\t\t<div class=\"elementor-element elementor-element-ab29a64 elementor-widget elementor-widget-image\" data-id=\"ab29a64\" data-element_type=\"widget\" data-widget_type=\"image.default\">\n\t\t\t\t<div class=\"elementor-widget-container\">\n\t\t\t\t\t\t\t\t\t\t\t\t\t\t\t<img fetchpriority=\"high\" decoding=\"async\" width=\"450\" height=\"300\" src=\"https:\/\/symulatorniepelnosprawnosci.pl\/wp-content\/uploads\/2025\/12\/Symulator-niepelnosprawnosci-na-zajeciach.png\" class=\"attachment-large size-large wp-image-979\" alt=\"\" srcset=\"https:\/\/symulatorniepelnosprawnosci.pl\/wp-content\/uploads\/2025\/12\/Symulator-niepelnosprawnosci-na-zajeciach.png 450w, https:\/\/symulatorniepelnosprawnosci.pl\/wp-content\/uploads\/2025\/12\/Symulator-niepelnosprawnosci-na-zajeciach-300x200.png 300w\" sizes=\"(max-width: 450px) 100vw, 450px\" \/>\t\t\t\t\t\t\t\t\t\t\t\t\t\t\t<\/div>\n\t\t\t\t<\/div>\n\t\t\t\t<\/div>\n\t\t\t\t\t<\/div>\n\t\t\t\t<\/div>\n\t\t\t\t<\/div>\n\t\t","protected":false},"excerpt":{"rendered":"<p>Zastosowanie symulatora Symulatory niepe\u0142nosprawno\u015bci SIMDIS znajduj\u0105 zastosowanie w wielu dziedzinach \u017cycia, gdzie wspieraj\u0105 pozytywne funkcjonowanie spo\u0142eczne. Idealnie sprawdz\u0105 si\u0119 w szkolnictwie i edukacji, terapii a nawet w projektowaniu przestrzeni publicznej. \u0141atwiej rozumie\u0107 zapotrzebowanie na udogodnienia infrastruktury dla os\u00f3b z dysfunkcjami fizycznymi. Symulatory osoby niepe\u0142nosprawnej s\u0105 niezb\u0119dnym \u015brodkiem dydaktycznym promuj\u0105cym w\u0142a\u015bciwe zrozumienie i akceptacje os\u00f3b niepe\u0142nosprawnych,[&hellip;]<\/p>\n","protected":false},"author":1,"featured_media":0,"parent":0,"menu_order":0,"comment_status":"closed","ping_status":"closed","template":"page-templates\/pagebuilder.php","meta":{"zakra_general_container_width":0,"zakra_general_content_width":0,"zakra_general_sidebar_width":0,"zakra_sticky_header":"customizer","zakra_header_main_area":true,"zakra_site_logo_width":0,"zakra_header_top_enabled":"customizer","zakra_header_top_style":"customizer","zakra_primary_menu_item_style":"customizer","zakra_page_header_text_color":"","zakra_page_header_layout":"customizer","zakra_page_title_bg":"","zakra_footer_widgets_bg_image":0,"zakra_page_title_bg_repeat":"customizer","zakra_page_title_bg_position":"customizer","zakra_page_title_bg_size":"customizer","zakra_page_title_bg_attachment":"customizer","zakra_breadcrumbs_enabled":"customizer","zakra_breadcrumbs_text_color":"","zakra_breadcrumbs_separator_color":"","zakra_breadcrumbs_link_color":"","zakra_breadcrumbs_link_hover_color":"","zakra_page_title_bg_image":0,"zakra_footer_widgets_enabled":"customizer","zakra_footer_column_layout_1_style":"customizer","zakra_footer_widgets_bg":"","zakra_footer_widgets_bg_repeat":"customizer","zakra_footer_widgets_bg_position":"customizer","zakra_footer_widgets_bg_size":"customizer","zakra_footer_widgets_bg_attachment":"customizer","zakra_footer_bar_enabled":"customizer","zakra_footer_bar_style":"customizer","zakra_sidebar_layout":"customizer","zakra_remove_content_margin":false,"zakra_sidebar":"customizer","zakra_transparent_header":"customizer","zakra_logo":0,"zakra_main_header_style":"default","zakra_menu_item_color":"","zakra_menu_item_hover_color":"","zakra_menu_item_active_color":"","zakra_menu_active_style":"","zakra_page_header":true,"footnotes":""},"class_list":["post-790","page","type-page","status-publish","hentry"],"_links":{"self":[{"href":"https:\/\/symulatorniepelnosprawnosci.pl\/index.php\/wp-json\/wp\/v2\/pages\/790","targetHints":{"allow":["GET"]}}],"collection":[{"href":"https:\/\/symulatorniepelnosprawnosci.pl\/index.php\/wp-json\/wp\/v2\/pages"}],"about":[{"href":"https:\/\/symulatorniepelnosprawnosci.pl\/index.php\/wp-json\/wp\/v2\/types\/page"}],"author":[{"embeddable":true,"href":"https:\/\/symulatorniepelnosprawnosci.pl\/index.php\/wp-json\/wp\/v2\/users\/1"}],"replies":[{"embeddable":true,"href":"https:\/\/symulatorniepelnosprawnosci.pl\/index.php\/wp-json\/wp\/v2\/comments?post=790"}],"version-history":[{"count":16,"href":"https:\/\/symulatorniepelnosprawnosci.pl\/index.php\/wp-json\/wp\/v2\/pages\/790\/revisions"}],"predecessor-version":[{"id":1059,"href":"https:\/\/symulatorniepelnosprawnosci.pl\/index.php\/wp-json\/wp\/v2\/pages\/790\/revisions\/1059"}],"wp:attachment":[{"href":"https:\/\/symulatorniepelnosprawnosci.pl\/index.php\/wp-json\/wp\/v2\/media?parent=790"}],"curies":[{"name":"wp","href":"https:\/\/api.w.org\/{rel}","templated":true}]}}